{"id":25,"date":"2015-10-15T15:32:49","date_gmt":"2015-10-15T15:32:49","guid":{"rendered":"http:\/\/wpoffice\/construction\/?page_id=25"},"modified":"2022-04-06T12:51:44","modified_gmt":"2022-04-06T12:51:44","slug":"service","status":"publish","type":"page","link":"https:\/\/rzindustrie.ma\/?page_id=25","title":{"rendered":"Nos services"},"content":{"rendered":"<div id='av_section_1'  class='avia-section main_color avia-section-huge avia-no-border-styling  avia-full-stretch avia-bg-style-scroll  avia-builder-el-0  el_before_av_heading  avia-builder-el-first   container_wrap fullsize' style='background-repeat: no-repeat; background-image: url(https:\/\/rzindustrie.ma\/wp-content\/uploads\/2022\/04\/VID_20201201_210235_Moment.jpg);background-attachment: scroll; background-position: center center;  '  data-section-bg-repeat='stretch'><div class='container' ><main  role=\"main\" itemprop=\"mainContentOfPage\"  class='template-page content  av-content-full alpha units'><div class='post-entry post-entry-type-page post-entry-25'><div class='entry-content-wrapper clearfix'><\/div><\/div><\/main><!-- close content main element --><\/div><\/div><div id='after_section_1'  class='main_color av_default_container_wrap container_wrap fullsize' style=' '  ><div class='container' ><div class='template-page content  av-content-full alpha units'><div class='post-entry post-entry-type-page post-entry-25'><div class='entry-content-wrapper clearfix'>\n<div  style='padding-bottom:0px; ' class='av-special-heading av-special-heading-h2  blockquote modern-quote modern-centered  avia-builder-el-1  el_after_av_section  el_before_av_hr  avia-builder-el-first  '><h2 class='av-special-heading-tag '  itemprop=\"headline\"  >Nos Services<\/h2><div class='special-heading-border'><div class='special-heading-inner-border' ><\/div><\/div><\/div>\n<div  style=' margin-top:5px; margin-bottom:35px;'  class='hr hr-custom hr-center hr-icon-no   avia-builder-el-2  el_after_av_heading  el_before_av_one_fifth '><span class='hr-inner  inner-border-av-border-fat' style=' width:50px; border-color:#014291;' ><span class='hr-inner-style'><\/span><\/span><\/div>\n<div class=\"flex_column av_one_fifth  av-animated-generic bottom-to-top  flex_column_div av-zero-column-padding first  avia-builder-el-3  el_after_av_hr  el_before_av_three_fifth  \" style='border-radius:0px; '><div  class='avia-image-container  av-styling-    avia-builder-el-4  avia-builder-el-no-sibling  avia-align-center '  itemprop=\"image\" itemscope=\"itemscope\" itemtype=\"https:\/\/schema.org\/ImageObject\"  ><div class='avia-image-container-inner'><div class='avia-image-overlay-wrap'><img decoding=\"async\" class='wp-image-514 avia-img-lazy-loading-not-514 avia_image' src=\"https:\/\/rzindustrie.ma\/wp-content\/uploads\/2022\/03\/daniel-smyth-GxuHKLN2v44-unsplash-180x180.jpg\" alt='' title='daniel-smyth-GxuHKLN2v44-unsplash' height=\"180\" width=\"180\"  itemprop=\"thumbnailUrl\" srcset=\"https:\/\/rzindustrie.ma\/wp-content\/uploads\/2022\/03\/daniel-smyth-GxuHKLN2v44-unsplash-180x180.jpg 180w, https:\/\/rzindustrie.ma\/wp-content\/uploads\/2022\/03\/daniel-smyth-GxuHKLN2v44-unsplash-80x80.jpg 80w, https:\/\/rzindustrie.ma\/wp-content\/uploads\/2022\/03\/daniel-smyth-GxuHKLN2v44-unsplash-36x36.jpg 36w\" sizes=\"(max-width: 180px) 100vw, 180px\" \/><\/div><\/div><\/div><\/div>\n<div class=\"flex_column av_three_fifth  av-animated-generic bottom-to-top  flex_column_div av-zero-column-padding   avia-builder-el-5  el_after_av_one_fifth  el_before_av_one_fifth  \" style='border-radius:0px; '><section class=\"av_textblock_section \"  itemscope=\"itemscope\" itemtype=\"https:\/\/schema.org\/CreativeWork\" ><div class='avia_textblock  '   itemprop=\"text\" ><p style=\"text-align: center;\">Nous sommes sp\u00e9cialis\u00e9s dans l\u2019usinage sur toutes sortes de pi\u00e8ces complexes. La comp\u00e9tence de nos employ\u00e9s nous permet d\u2019offrir des services sp\u00e9cialis\u00e9s sur diff\u00e9rentes. Notre principal objectif est d\u2019assurer une prestation globale bas\u00e9e sur l\u2019\u00e9change, la compr\u00e9hension, l\u2019apport de solutions innovantes et comp\u00e9titives.<\/p>\n<\/div><\/section><\/div>\n<div class=\"flex_column av_one_fifth  av-animated-generic bottom-to-top  flex_column_div av-zero-column-padding   avia-builder-el-7  el_after_av_three_fifth  el_before_av_one_full  \" style='border-radius:0px; '><div  class='avia-image-container  av-styling-    avia-builder-el-8  avia-builder-el-no-sibling  avia-align-center '  itemprop=\"image\" itemscope=\"itemscope\" itemtype=\"https:\/\/schema.org\/ImageObject\"  ><div class='avia-image-container-inner'><div class='avia-image-overlay-wrap'><img decoding=\"async\" class='wp-image-521 avia-img-lazy-loading-not-521 avia_image' src=\"https:\/\/rzindustrie.ma\/wp-content\/uploads\/2022\/03\/LigneDeMontage-04-180x180.jpg\" alt='' title='LigneDeMontage-04' height=\"180\" width=\"180\"  itemprop=\"thumbnailUrl\" srcset=\"https:\/\/rzindustrie.ma\/wp-content\/uploads\/2022\/03\/LigneDeMontage-04-180x180.jpg 180w, https:\/\/rzindustrie.ma\/wp-content\/uploads\/2022\/03\/LigneDeMontage-04-80x80.jpg 80w, https:\/\/rzindustrie.ma\/wp-content\/uploads\/2022\/03\/LigneDeMontage-04-36x36.jpg 36w\" sizes=\"(max-width: 180px) 100vw, 180px\" \/><\/div><\/div><\/div><\/div>\n<div class=\"flex_column av_one_full  av-animated-generic bottom-to-top  flex_column_div av-zero-column-padding first  avia-builder-el-9  el_after_av_one_fifth  el_before_av_one_fourth  column-top-margin\" style='border-radius:0px; '><p><div  style='padding-bottom:10px; ' class='av-special-heading av-special-heading-h3  blockquote modern-quote modern-centered  avia-builder-el-10  el_before_av_hr  avia-builder-el-first  '><h3 class='av-special-heading-tag '  itemprop=\"headline\"  >Nous offrons actuellement la gamme de services suivante pour l\u2019usinage num\u00e9rique (CNC) et conventionnel:<\/h3><div class='special-heading-border'><div class='special-heading-inner-border' ><\/div><\/div><\/div><br \/>\n<div  style=' margin-top:5px; margin-bottom:35px;'  class='hr hr-custom hr-center hr-icon-no   avia-builder-el-11  el_after_av_heading  avia-builder-el-last '><span class='hr-inner  inner-border-av-border-fat' style=' width:50px; border-color:#014291;' ><span class='hr-inner-style'><\/span><\/span><\/div><\/p><\/div>\n<div class=\"flex_column av_one_fourth  av-animated-generic bottom-to-top  flex_column_div av-zero-column-padding first  avia-builder-el-12  el_after_av_one_full  el_before_av_one_fourth  column-top-margin\" style='border-radius:0px; '><p><article  class=\"iconbox iconbox_left    avia-builder-el-13  el_before_av_image  avia-builder-el-first  \"  itemscope=\"itemscope\" itemtype=\"https:\/\/schema.org\/CreativeWork\" ><div class=\"iconbox_content\"><header class=\"entry-content-header\"><div class=\"iconbox_icon heading-color\" aria-hidden='true' data-av_icon='\ue855' data-av_iconfont='entypo-fontello'  ><\/div><h3 class='iconbox_content_title  '  itemprop=\"headline\"  >Usinage CNC multiaxes<\/h3><\/header><div class='iconbox_content_container  '  itemprop=\"text\"  ><\/div><\/div><footer class=\"entry-footer\"><\/footer><\/article><br \/>\n<div  class='avia-image-container  av-styling-circle    avia-builder-el-14  el_after_av_icon_box  avia-builder-el-last  avia-align-center '  itemprop=\"image\" itemscope=\"itemscope\" itemtype=\"https:\/\/schema.org\/ImageObject\"  ><div class='avia-image-container-inner'><div class='avia-image-overlay-wrap'><img decoding=\"async\" class='wp-image-514 avia-img-lazy-loading-not-514 avia_image' src=\"https:\/\/rzindustrie.ma\/wp-content\/uploads\/2022\/03\/daniel-smyth-GxuHKLN2v44-unsplash-180x180.jpg\" alt='' title='daniel-smyth-GxuHKLN2v44-unsplash' height=\"180\" width=\"180\"  itemprop=\"thumbnailUrl\" srcset=\"https:\/\/rzindustrie.ma\/wp-content\/uploads\/2022\/03\/daniel-smyth-GxuHKLN2v44-unsplash-180x180.jpg 180w, https:\/\/rzindustrie.ma\/wp-content\/uploads\/2022\/03\/daniel-smyth-GxuHKLN2v44-unsplash-80x80.jpg 80w, https:\/\/rzindustrie.ma\/wp-content\/uploads\/2022\/03\/daniel-smyth-GxuHKLN2v44-unsplash-36x36.jpg 36w\" sizes=\"(max-width: 180px) 100vw, 180px\" \/><\/div><\/div><\/div><\/p><\/div>\n<div class=\"flex_column av_one_fourth  av-animated-generic bottom-to-top  flex_column_div av-zero-column-padding   avia-builder-el-15  el_after_av_one_fourth  el_before_av_one_fourth  column-top-margin\" style='border-radius:0px; '><p><article  class=\"iconbox iconbox_left    avia-builder-el-16  el_before_av_image  avia-builder-el-first  \"  itemscope=\"itemscope\" itemtype=\"https:\/\/schema.org\/CreativeWork\" ><div class=\"iconbox_content\"><header class=\"entry-content-header\"><div class=\"iconbox_icon heading-color\" aria-hidden='true' data-av_icon='\ue855' data-av_iconfont='entypo-fontello'  ><\/div><h3 class='iconbox_content_title  '  itemprop=\"headline\"  >Gamme compl\u00e8te de machines-outils conventionnelles<\/h3><\/header><div class='iconbox_content_container  '  itemprop=\"text\"  ><\/div><\/div><footer class=\"entry-footer\"><\/footer><\/article><br \/>\n<div  class='avia-image-container  av-styling-circle    avia-builder-el-17  el_after_av_icon_box  avia-builder-el-last  avia-align-center '  itemprop=\"image\" itemscope=\"itemscope\" itemtype=\"https:\/\/schema.org\/ImageObject\"  ><div class='avia-image-container-inner'><div class='avia-image-overlay-wrap'><img decoding=\"async\" class='wp-image-725 avia-img-lazy-loading-not-725 avia_image' src=\"https:\/\/rzindustrie.ma\/wp-content\/uploads\/2022\/04\/941338.Lg_-180x180.jpg\" alt='' title='941338.Lg' height=\"180\" width=\"180\"  itemprop=\"thumbnailUrl\" srcset=\"https:\/\/rzindustrie.ma\/wp-content\/uploads\/2022\/04\/941338.Lg_-180x180.jpg 180w, https:\/\/rzindustrie.ma\/wp-content\/uploads\/2022\/04\/941338.Lg_-80x80.jpg 80w, https:\/\/rzindustrie.ma\/wp-content\/uploads\/2022\/04\/941338.Lg_-36x36.jpg 36w\" sizes=\"(max-width: 180px) 100vw, 180px\" \/><\/div><\/div><\/div><\/p><\/div>\n<div class=\"flex_column av_one_fourth  av-animated-generic bottom-to-top  flex_column_div av-zero-column-padding   avia-builder-el-18  el_after_av_one_fourth  el_before_av_one_fourth  column-top-margin\" style='border-radius:0px; '><p><article  class=\"iconbox iconbox_left    avia-builder-el-19  el_before_av_image  avia-builder-el-first  \"  itemscope=\"itemscope\" itemtype=\"https:\/\/schema.org\/CreativeWork\" ><div class=\"iconbox_content\"><header class=\"entry-content-header\"><div class=\"iconbox_icon heading-color\" aria-hidden='true' data-av_icon='\ue855' data-av_iconfont='entypo-fontello'  ><\/div><h3 class='iconbox_content_title  '  itemprop=\"headline\"  >Fabrication des accessoires de bouteilles de Gaz<\/h3><\/header><div class='iconbox_content_container  '  itemprop=\"text\"  ><\/div><\/div><footer class=\"entry-footer\"><\/footer><\/article><br \/>\n<div  class='avia-image-container  av-styling-circle    avia-builder-el-20  el_after_av_icon_box  avia-builder-el-last  avia-align-center '  itemprop=\"image\" itemscope=\"itemscope\" itemtype=\"https:\/\/schema.org\/ImageObject\"  ><div class='avia-image-container-inner'><div class='avia-image-overlay-wrap'><img decoding=\"async\" class='wp-image-730 avia-img-lazy-loading-not-730 avia_image' src=\"https:\/\/rzindustrie.ma\/wp-content\/uploads\/2022\/04\/VID_20201201_210235_-180x180.jpg\" alt='' title='VID_20201201_210235_' height=\"180\" width=\"180\"  itemprop=\"thumbnailUrl\" srcset=\"https:\/\/rzindustrie.ma\/wp-content\/uploads\/2022\/04\/VID_20201201_210235_-180x180.jpg 180w, https:\/\/rzindustrie.ma\/wp-content\/uploads\/2022\/04\/VID_20201201_210235_-80x80.jpg 80w, https:\/\/rzindustrie.ma\/wp-content\/uploads\/2022\/04\/VID_20201201_210235_-36x36.jpg 36w\" sizes=\"(max-width: 180px) 100vw, 180px\" \/><\/div><\/div><\/div><\/p><\/div>\n<div class=\"flex_column av_one_fourth  av-animated-generic bottom-to-top  flex_column_div av-zero-column-padding   avia-builder-el-21  el_after_av_one_fourth  el_before_av_one_fourth  column-top-margin\" style='border-radius:0px; '><p><article  class=\"iconbox iconbox_left    avia-builder-el-22  el_before_av_image  avia-builder-el-first  \"  itemscope=\"itemscope\" itemtype=\"https:\/\/schema.org\/CreativeWork\" ><div class=\"iconbox_content\"><header class=\"entry-content-header\"><div class=\"iconbox_icon heading-color\" aria-hidden='true' data-av_icon='\ue855' data-av_iconfont='entypo-fontello'  ><\/div><h3 class='iconbox_content_title  '  itemprop=\"headline\"  >Usinage de mat\u00e9riaux tendres et durs<\/h3><\/header><div class='iconbox_content_container  '  itemprop=\"text\"  ><\/div><\/div><footer class=\"entry-footer\"><\/footer><\/article><br \/>\n<div  class='avia-image-container  av-styling-circle    avia-builder-el-23  el_after_av_icon_box  avia-builder-el-last  avia-align-center '  itemprop=\"image\" itemscope=\"itemscope\" itemtype=\"https:\/\/schema.org\/ImageObject\"  ><div class='avia-image-container-inner'><div class='avia-image-overlay-wrap'><img decoding=\"async\" class='wp-image-731 avia-img-lazy-loading-not-731 avia_image' src=\"https:\/\/rzindustrie.ma\/wp-content\/uploads\/2022\/04\/superalloys-bars-gas-and-steam-turbines-180x180.jpg\" alt='' title='superalloys-bars-gas-and-steam-turbines' height=\"180\" width=\"180\"  itemprop=\"thumbnailUrl\" srcset=\"https:\/\/rzindustrie.ma\/wp-content\/uploads\/2022\/04\/superalloys-bars-gas-and-steam-turbines-180x180.jpg 180w, https:\/\/rzindustrie.ma\/wp-content\/uploads\/2022\/04\/superalloys-bars-gas-and-steam-turbines-80x80.jpg 80w, https:\/\/rzindustrie.ma\/wp-content\/uploads\/2022\/04\/superalloys-bars-gas-and-steam-turbines-36x36.jpg 36w\" sizes=\"(max-width: 180px) 100vw, 180px\" \/><\/div><\/div><\/div><\/p><\/div>\n<div class=\"flex_column av_one_fourth  av-animated-generic bottom-to-top  flex_column_div av-zero-column-padding first  avia-builder-el-24  el_after_av_one_fourth  el_before_av_one_fourth  column-top-margin\" style='border-radius:0px; '><p><article  class=\"iconbox iconbox_left    avia-builder-el-25  el_before_av_image  avia-builder-el-first  \"  itemscope=\"itemscope\" itemtype=\"https:\/\/schema.org\/CreativeWork\" ><div class=\"iconbox_content\"><header class=\"entry-content-header\"><div class=\"iconbox_icon heading-color\" aria-hidden='true' data-av_icon='\ue855' data-av_iconfont='entypo-fontello'  ><\/div><h3 class='iconbox_content_title  '  itemprop=\"headline\"  >Etudes, industrialisation et optimisation de la fabrication des pi\u00e8ces m\u00e9caniques<\/h3><\/header><div class='iconbox_content_container  '  itemprop=\"text\"  ><\/div><\/div><footer class=\"entry-footer\"><\/footer><\/article><br \/>\n<div  class='avia-image-container  av-styling-circle    avia-builder-el-26  el_after_av_icon_box  avia-builder-el-last  avia-align-center '  itemprop=\"image\" itemscope=\"itemscope\" itemtype=\"https:\/\/schema.org\/ImageObject\"  ><div class='avia-image-container-inner'><div class='avia-image-overlay-wrap'><img decoding=\"async\" class='wp-image-733 avia-img-lazy-loading-not-733 avia_image' src=\"https:\/\/rzindustrie.ma\/wp-content\/uploads\/2022\/04\/VID_20201201_21qcupere-180x180.jpg\" alt='' title='VID_20201201_21qcup\u00e9r\u00e9' height=\"180\" width=\"180\"  itemprop=\"thumbnailUrl\" srcset=\"https:\/\/rzindustrie.ma\/wp-content\/uploads\/2022\/04\/VID_20201201_21qcupere-180x180.jpg 180w, https:\/\/rzindustrie.ma\/wp-content\/uploads\/2022\/04\/VID_20201201_21qcupere-80x80.jpg 80w, https:\/\/rzindustrie.ma\/wp-content\/uploads\/2022\/04\/VID_20201201_21qcupere-36x36.jpg 36w\" sizes=\"(max-width: 180px) 100vw, 180px\" \/><\/div><\/div><\/div><\/p><\/div>\n<div class=\"flex_column av_one_fourth  av-animated-generic bottom-to-top  flex_column_div av-zero-column-padding   avia-builder-el-27  el_after_av_one_fourth  el_before_av_one_fourth  column-top-margin\" style='border-radius:0px; '><p><article  class=\"iconbox iconbox_left    avia-builder-el-28  el_before_av_image  avia-builder-el-first  \"  itemscope=\"itemscope\" itemtype=\"https:\/\/schema.org\/CreativeWork\" ><div class=\"iconbox_content\"><header class=\"entry-content-header\"><div class=\"iconbox_icon heading-color\" aria-hidden='true' data-av_icon='\ue855' data-av_iconfont='entypo-fontello'  ><\/div><h3 class='iconbox_content_title  '  itemprop=\"headline\"  >Fabrication de pi\u00e8ces m\u00e9caniques de pr\u00e9cision en petite et moyenne s\u00e9ries<\/h3><\/header><div class='iconbox_content_container  '  itemprop=\"text\"  ><\/div><\/div><footer class=\"entry-footer\"><\/footer><\/article><br \/>\n<div  class='avia-image-container  av-styling-circle    avia-builder-el-29  el_after_av_icon_box  avia-builder-el-last  avia-align-center '  itemprop=\"image\" itemscope=\"itemscope\" itemtype=\"https:\/\/schema.org\/ImageObject\"  ><div class='avia-image-container-inner'><div class='avia-image-overlay-wrap'><img decoding=\"async\" class='wp-image-736 avia-img-lazy-loading-not-736 avia_image' src=\"https:\/\/rzindustrie.ma\/wp-content\/uploads\/2022\/04\/VIae-180x180.jpg\" alt='' title='VIa\u00e9' height=\"180\" width=\"180\"  itemprop=\"thumbnailUrl\" srcset=\"https:\/\/rzindustrie.ma\/wp-content\/uploads\/2022\/04\/VIae-180x180.jpg 180w, https:\/\/rzindustrie.ma\/wp-content\/uploads\/2022\/04\/VIae-80x80.jpg 80w, https:\/\/rzindustrie.ma\/wp-content\/uploads\/2022\/04\/VIae-36x36.jpg 36w\" sizes=\"(max-width: 180px) 100vw, 180px\" \/><\/div><\/div><\/div><\/p><\/div>\n<div class=\"flex_column av_one_fourth  av-animated-generic bottom-to-top  flex_column_div av-zero-column-padding   avia-builder-el-30  el_after_av_one_fourth  el_before_av_one_fourth  column-top-margin\" style='border-radius:0px; '><p><article  class=\"iconbox iconbox_left    avia-builder-el-31  el_before_av_image  avia-builder-el-first  \"  itemscope=\"itemscope\" itemtype=\"https:\/\/schema.org\/CreativeWork\" ><div class=\"iconbox_content\"><header class=\"entry-content-header\"><div class=\"iconbox_icon heading-color\" aria-hidden='true' data-av_icon='\ue855' data-av_iconfont='entypo-fontello'  ><\/div><h3 class='iconbox_content_title  '  itemprop=\"headline\"  >Moulage par injection, soufflage<\/h3><\/header><div class='iconbox_content_container  '  itemprop=\"text\"  ><\/div><\/div><footer class=\"entry-footer\"><\/footer><\/article><br \/>\n<div  class='avia-image-container  av-styling-circle    avia-builder-el-32  el_after_av_icon_box  avia-builder-el-last  avia-align-center '  itemprop=\"image\" itemscope=\"itemscope\" itemtype=\"https:\/\/schema.org\/ImageObject\"  ><div class='avia-image-container-inner'><div class='avia-image-overlay-wrap'><img decoding=\"async\" class='wp-image-737 avia-img-lazy-loading-not-737 avia_image' src=\"https:\/\/rzindustrie.ma\/wp-content\/uploads\/2022\/04\/VID_20201201_210235_e-180x180.jpg\" alt='' title='VID_20201201_210235_\u00e9' height=\"180\" width=\"180\"  itemprop=\"thumbnailUrl\" srcset=\"https:\/\/rzindustrie.ma\/wp-content\/uploads\/2022\/04\/VID_20201201_210235_e-180x180.jpg 180w, https:\/\/rzindustrie.ma\/wp-content\/uploads\/2022\/04\/VID_20201201_210235_e-80x80.jpg 80w, https:\/\/rzindustrie.ma\/wp-content\/uploads\/2022\/04\/VID_20201201_210235_e-36x36.jpg 36w\" sizes=\"(max-width: 180px) 100vw, 180px\" \/><\/div><\/div><\/div><\/p><\/div>\n<div class=\"flex_column av_one_fourth  av-animated-generic bottom-to-top  flex_column_div av-zero-column-padding   avia-builder-el-33  el_after_av_one_fourth  el_before_av_section  avia-builder-el-last  column-top-margin\" style='border-radius:0px; '><p><article  class=\"iconbox iconbox_left    avia-builder-el-34  el_before_av_image  avia-builder-el-first  \"  itemscope=\"itemscope\" itemtype=\"https:\/\/schema.org\/CreativeWork\" ><div class=\"iconbox_content\"><header class=\"entry-content-header\"><div class=\"iconbox_icon heading-color\" aria-hidden='true' data-av_icon='\ue855' data-av_iconfont='entypo-fontello'  ><\/div><h3 class='iconbox_content_title  '  itemprop=\"headline\"  >Montage industriel<\/h3><\/header><div class='iconbox_content_container  '  itemprop=\"text\"  ><\/div><\/div><footer class=\"entry-footer\"><\/footer><\/article><br \/>\n<div  class='avia-image-container  av-styling-circle    avia-builder-el-35  el_after_av_icon_box  avia-builder-el-last  avia-align-center '  itemprop=\"image\" itemscope=\"itemscope\" itemtype=\"https:\/\/schema.org\/ImageObject\"  ><div class='avia-image-container-inner'><div class='avia-image-overlay-wrap'><img decoding=\"async\" class='wp-image-738 avia-img-lazy-loading-not-738 avia_image' src=\"https:\/\/rzindustrie.ma\/wp-content\/uploads\/2022\/04\/VID_20201201_21cupere-180x180.jpg\" alt='' title='VID_20201201_21cup\u00e9r\u00e9' height=\"180\" width=\"180\"  itemprop=\"thumbnailUrl\" srcset=\"https:\/\/rzindustrie.ma\/wp-content\/uploads\/2022\/04\/VID_20201201_21cupere-180x180.jpg 180w, https:\/\/rzindustrie.ma\/wp-content\/uploads\/2022\/04\/VID_20201201_21cupere-80x80.jpg 80w, https:\/\/rzindustrie.ma\/wp-content\/uploads\/2022\/04\/VID_20201201_21cupere-36x36.jpg 36w\" sizes=\"(max-width: 180px) 100vw, 180px\" \/><\/div><\/div><\/div><\/p><\/div>\n<\/div><\/div><\/div><!-- close content main div --><\/div><\/div><div id='av_section_2'  class='avia-section main_color avia-section-default avia-no-border-styling  av-parallax-section avia-bg-style-parallax  avia-builder-el-36  el_after_av_one_fourth  avia-builder-el-last   container_wrap fullsize' style='background-color: #ffffff;  '  data-section-bg-repeat='no-repeat'><div class='av-parallax' data-avia-parallax-ratio='0.3' ><div class='av-parallax-inner main_color  avia-full-stretch' style = 'background-color: #ffffff; background-repeat: no-repeat; background-image: url(https:\/\/rzindustrie.ma\/wp-content\/uploads\/2021\/04\/SLIDER4-scaled.jpg);background-attachment: scroll; background-position: bottom left; ' ><\/div><\/div><div class='container' ><div class='template-page content  av-content-full alpha units'><div class='post-entry post-entry-type-page post-entry-25'><div class='entry-content-wrapper clearfix'>\n<div class='flex_column_table av-equal-height-column-flextable -flextable' ><div class=\"flex_column av_one_full  av-animated-generic left-to-right  flex_column_table_cell av-equal-height-column av-align-middle av-zero-column-padding first  avia-builder-el-37  avia-builder-el-no-sibling  \" style='border-radius:0px; '><p><div  style='height:100px' class='hr hr-invisible   avia-builder-el-38  el_before_av_heading  avia-builder-el-first '><span class='hr-inner ' ><span class='hr-inner-style'><\/span><\/span><\/div><br \/>\n<div  style='padding-bottom:10px; margin:50 50 50 50; color:#ffffff;font-size:30px;' class='av-special-heading av-special-heading-h1 custom-color-heading blockquote elegant-quote elegant-centered  avia-builder-el-39  el_after_av_hr  el_before_av_hr  av-inherit-size '><h1 class='av-special-heading-tag '  itemprop=\"headline\"  ><span class=\"heading-wrap\">Confiez nous<\/span><\/h1><div class ='av-subheading av-subheading_below av_custom_color ' style='font-size:15px;'><p>votre projet<\/p>\n<\/div><div class='special-heading-border'><div class='special-heading-inner-border' style='border-color:#ffffff'><\/div><\/div><\/div><br \/>\n<div   class='hr hr-short hr-center   avia-builder-el-40  el_after_av_heading  el_before_av_button '><span class='hr-inner ' ><span class='hr-inner-style'><\/span><\/span><\/div><br \/>\n<div  class='avia-button-wrap avia-button-center  avia-builder-el-41  el_after_av_hr  avia-builder-el-last ' ><a href='https:\/\/rzindustrie.ma\/?page_id=23'  class='avia-button   avia-icon_select-no avia-size-x-large avia-position-center '  style='background-color:#ffffff; border-color:#ffffff; color:#4f4f4f; ' ><span class='avia_iconbox_title' >Contactez-nous<\/span><\/a><\/div><\/p><\/div><\/div><!--close column table wrapper. Autoclose: 1 -->\n","protected":false},"excerpt":{"rendered":"","protected":false},"author":1,"featured_media":0,"parent":0,"menu_order":0,"comment_status":"closed","ping_status":"closed","template":"","meta":{"footnotes":""},"class_list":["post-25","page","type-page","status-publish","hentry"],"_links":{"self":[{"href":"https:\/\/rzindustrie.ma\/index.php?rest_route=\/wp\/v2\/pages\/25","targetHints":{"allow":["GET"]}}],"collection":[{"href":"https:\/\/rzindustrie.ma\/index.php?rest_route=\/wp\/v2\/pages"}],"about":[{"href":"https:\/\/rzindustrie.ma\/index.php?rest_route=\/wp\/v2\/types\/page"}],"author":[{"embeddable":true,"href":"https:\/\/rzindustrie.ma\/index.php?rest_route=\/wp\/v2\/users\/1"}],"replies":[{"embeddable":true,"href":"https:\/\/rzindustrie.ma\/index.php?rest_route=%2Fwp%2Fv2%2Fcomments&post=25"}],"version-history":[{"count":29,"href":"https:\/\/rzindustrie.ma\/index.php?rest_route=\/wp\/v2\/pages\/25\/revisions"}],"predecessor-version":[{"id":816,"href":"https:\/\/rzindustrie.ma\/index.php?rest_route=\/wp\/v2\/pages\/25\/revisions\/816"}],"wp:attachment":[{"href":"https:\/\/rzindustrie.ma\/index.php?rest_route=%2Fwp%2Fv2%2Fmedia&parent=25"}],"curies":[{"name":"wp","href":"https:\/\/api.w.org\/{rel}","templated":true}]}}