{"id":23,"date":"2015-10-15T15:32:40","date_gmt":"2015-10-15T15:32:40","guid":{"rendered":"http:\/\/wpoffice\/construction\/?page_id=23"},"modified":"2025-04-30T09:04:11","modified_gmt":"2025-04-30T09:04:11","slug":"contact-2","status":"publish","type":"page","link":"https:\/\/rzindustrie.ma\/?page_id=23","title":{"rendered":"Contact"},"content":{"rendered":"<div id='av_section_1'  class='avia-section main_color avia-section-huge avia-no-border-styling  avia-bg-style-scroll  avia-builder-el-0  el_before_av_two_third  avia-builder-el-first   container_wrap fullsize' style='background-color: #000000;  '  ><div class='container' ><main  role=\"main\" itemprop=\"mainContentOfPage\"  class='template-page content  av-content-full alpha units'><div class='post-entry post-entry-type-page post-entry-23'><div class='entry-content-wrapper clearfix'><\/div><\/div><\/main><!-- close content main element --><\/div><\/div><div id='after_section_1'  class='main_color av_default_container_wrap container_wrap fullsize' style=' '  ><div class='container' ><div class='template-page content  av-content-full alpha units'><div class='post-entry post-entry-type-page post-entry-23'><div class='entry-content-wrapper clearfix'>\n<div class=\"flex_column av_two_third  av-animated-generic bottom-to-top  flex_column_div av-zero-column-padding first  avia-builder-el-1  el_after_av_section  el_before_av_one_third  avia-builder-el-first  \" style='border-radius:0px; '><p><div  style='padding-bottom:0px; ' class='av-special-heading av-special-heading-h3  blockquote modern-quote  avia-builder-el-2  el_before_av_hr  avia-builder-el-first  '><h3 class='av-special-heading-tag '  itemprop=\"headline\"  >Contactez-nous<\/h3><div class='special-heading-border'><div class='special-heading-inner-border' ><\/div><\/div><\/div><br \/>\n<div  style=' margin-top:10px; margin-bottom:10px;'  class='hr hr-custom hr-left hr-icon-no   avia-builder-el-3  el_after_av_heading  el_before_av_contact '><span class='hr-inner  inner-border-av-border-fat' style=' width:50px; border-color:#195fc1;' ><span class='hr-inner-style'><\/span><\/span><\/div><br \/>\n<form action=\"https:\/\/rzindustrie.ma\/?page_id=23\" method=\"post\"  class=\"avia_ajax_form av-form-labels-visible   avia-builder-el-4  el_after_av_hr  avia-builder-el-last   \" data-avia-form-id=\"1\" data-avia-redirect='' ><fieldset><p class=' first_form  form_element form_fullwidth' id='element_avia_1_1'><label for=\"avia_1_1\">Je veux discuter :<\/label> <select  name=\"avia_1_1\" class=\"select \" id=\"avia_1_1\"><option  value ='Renseignements g\u00e9n\u00e9raux'>Renseignements g\u00e9n\u00e9raux<\/option><option  value ='Usinage CNC et conventionnel'>Usinage CNC et conventionnel<\/option><option  value ='Fabrication m\u00e9canique'>Fabrication m\u00e9canique<\/option><\/select><\/p><p class='  first_form  form_element form_fullwidth' id='element_avia_2_1'><label for=\"avia_2_1\">Nom de l\u2019entreprise <abbr class=\"required\" title=\"requis\">*<\/abbr><\/label> <input name=\"avia_2_1\" class=\"text_input is_empty\" type=\"text\" id=\"avia_2_1\" value=\"\" \/><\/p><p class='  first_form  form_element form_element_half' id='element_avia_3_1'><label for=\"avia_3_1\">Name <abbr class=\"required\" title=\"requis\">*<\/abbr><\/label> <input name=\"avia_3_1\" class=\"text_input is_empty\" type=\"text\" id=\"avia_3_1\" value=\"\" \/><\/p><p class='  form_element form_element_half' id='element_avia_4_1'><label for=\"avia_4_1\">E-Mail <abbr class=\"required\" title=\"requis\">*<\/abbr><\/label> <input name=\"avia_4_1\" class=\"text_input is_ext_email\" type=\"text\" id=\"avia_4_1\" value=\"\" \/><\/p><p class='  first_form  form_element form_fullwidth' id='element_avia_5_1'><label for=\"avia_5_1\">Telephone  <abbr class=\"required\" title=\"requis\">*<\/abbr><\/label> <input name=\"avia_5_1\" class=\"text_input is_phone\" type=\"text\" id=\"avia_5_1\" value=\"\" \/><\/p><p class='  first_form  form_element form_element_half' id='element_avia_6_1'><label for=\"avia_6_1\">Sujet  <abbr class=\"required\" title=\"requis\">*<\/abbr><\/label> <input name=\"avia_6_1\" class=\"text_input is_empty\" type=\"text\" id=\"avia_6_1\" value=\"\" \/><\/p><p class='  first_form  form_element form_fullwidth' id='element_avia_7_1'><label for=\"avia_7_1\" class=\"textare_label hidden textare_label_avia_7_1\">Message <abbr class=\"required\" title=\"requis\">*<\/abbr><\/label><textarea  name=\"avia_7_1\" class=\"text_area is_empty\" cols=\"40\" rows=\"7\" id=\"avia_7_1\" ><\/textarea><\/p><p class=\"hidden\"><input type=\"text\" name=\"avia_8_1\" class=\"hidden \" id=\"avia_8_1\" value=\"\" \/><\/p><p class='   form_element form_fullwidth' id='element_avia_9_1'><span class='value_verifier_label'>1 + 0 = ?<\/span><input name=\"avia_9_1_verifier\" type=\"hidden\" id=\"avia_9_1_verifier\" value=\"223715214\"\/><label for=\"avia_9_1\">Pour prouver que vous \u00eates un humain, donnez le r\u00e9sultat de cette simple op\u00e9ration <abbr class=\"required\" title=\"requis\">*<\/abbr><\/label><input name=\"avia_9_1\" class=\"text_input captcha\" type=\"text\" id=\"avia_9_1\" value=\"\"\/><\/p><p class=\"form_element \"><input type=\"hidden\" value=\"1\" name=\"avia_generated_form1\" \/><input type=\"submit\" value=\"Envoyer\" class=\"button\"  data-sending-label=\"Envoi\"\/><\/p><\/fieldset><\/form><div id=\"ajaxresponse_1\" class=\"ajaxresponse ajaxresponse_1 hidden\"><\/div><\/p><\/div><div class=\"flex_column av_one_third  av-animated-generic bottom-to-top  flex_column_div av-zero-column-padding   avia-builder-el-5  el_after_av_two_third  avia-builder-el-last  \" style='border-radius:0px; '><p><br \/>\n<div  style=' margin-top:10px; margin-bottom:10px;'  class='hr hr-custom hr-left hr-icon-no   avia-builder-el-7  el_after_av_codeblock  el_before_av_textblock '><span class='hr-inner  inner-border-av-border-fat' style=' width:50px; border-color:#1d68e0;' ><span class='hr-inner-style'><\/span><\/span><\/div><br \/>\n<section class=\"av_textblock_section \"  itemscope=\"itemscope\" itemtype=\"https:\/\/schema.org\/CreativeWork\" ><div class='avia_textblock  '   itemprop=\"text\" ><h6><strong>Address<\/strong><\/h6>\n<p>DOUAR OULED SIDI ALI WARKOU COMMUNE<\/p>\n<p>CHELLALATE MOHAMMEDIA<\/p>\n<h6><strong>Contact<\/strong><\/h6>\n<p>contact@rzindustrie.ma<br \/>\n+212-661-141-278<br \/>\n+212-669-433-294<br \/>\n+212-520-101-268<\/p>\n<div class=\"flex_column av_one_fourth first el_before_av_one_fourth\"><\/div>\n<h6 class=\"widgettitle\">Heures d\u2019ouverture<\/h6>\n<div class=\"textwidget\">\n<p><strong><span class=\"day\">Lun \u2013 <\/span><\/strong><span class=\"hours\"><span class=\"day\"><strong>Ven<\/strong> :<\/span> 8h \u2013 18h<\/span><\/p>\n<p><span class=\"hours\"><strong>SAM<\/strong>\u00a0 : 7h \u2013 12h30<\/span><\/p>\n<\/div>\n<\/div><\/section><\/p><\/div><\/p>\n","protected":false},"excerpt":{"rendered":"","protected":false},"author":1,"featured_media":0,"parent":0,"menu_order":0,"comment_status":"closed","ping_status":"closed","template":"","meta":{"footnotes":""},"class_list":["post-23","page","type-page","status-publish","hentry"],"_links":{"self":[{"href":"https:\/\/rzindustrie.ma\/index.php?rest_route=\/wp\/v2\/pages\/23","targetHints":{"allow":["GET"]}}],"collection":[{"href":"https:\/\/rzindustrie.ma\/index.php?rest_route=\/wp\/v2\/pages"}],"about":[{"href":"https:\/\/rzindustrie.ma\/index.php?rest_route=\/wp\/v2\/types\/page"}],"author":[{"embeddable":true,"href":"https:\/\/rzindustrie.ma\/index.php?rest_route=\/wp\/v2\/users\/1"}],"replies":[{"embeddable":true,"href":"https:\/\/rzindustrie.ma\/index.php?rest_route=%2Fwp%2Fv2%2Fcomments&post=23"}],"version-history":[{"count":14,"href":"https:\/\/rzindustrie.ma\/index.php?rest_route=\/wp\/v2\/pages\/23\/revisions"}],"predecessor-version":[{"id":835,"href":"https:\/\/rzindustrie.ma\/index.php?rest_route=\/wp\/v2\/pages\/23\/revisions\/835"}],"wp:attachment":[{"href":"https:\/\/rzindustrie.ma\/index.php?rest_route=%2Fwp%2Fv2%2Fmedia&parent=23"}],"curies":[{"name":"wp","href":"https:\/\/api.w.org\/{rel}","templated":true}]}}