{"id":13,"date":"2015-10-15T13:48:39","date_gmt":"2015-10-15T13:48:39","guid":{"rendered":"http:\/\/wpoffice\/construction\/?page_id=2"},"modified":"2022-04-06T14:59:02","modified_gmt":"2022-04-06T14:59:02","slug":"projects","status":"publish","type":"page","link":"https:\/\/rzindustrie.ma\/?page_id=13","title":{"rendered":"Moyen technique"},"content":{"rendered":"<div id='av_section_1'  class='avia-section main_color avia-section-huge avia-no-border-styling  avia-full-stretch avia-bg-style-scroll  avia-builder-el-0  el_before_av_section  avia-builder-el-first   container_wrap fullsize' style='background-repeat: no-repeat; background-image: url(https:\/\/rzindustrie.ma\/wp-content\/uploads\/2022\/04\/VID_20201201_210235_Moment.jpg);background-attachment: scroll; background-position: center center;  '  data-section-bg-repeat='stretch'><div class='container' ><main  role=\"main\" itemprop=\"mainContentOfPage\"  class='template-page content  av-content-full alpha units'><div class='post-entry post-entry-type-page post-entry-13'><div class='entry-content-wrapper clearfix'>\n<\/div><\/div><\/main><!-- close content main element --><\/div><\/div><div id='av_section_2'  class='avia-section alternate_color avia-section-large avia-no-border-styling  avia-bg-style-parallax  avia-builder-el-1  el_after_av_section  el_before_av_section   container_wrap fullsize' style=' '  ><div class='container' ><div class='template-page content  av-content-full alpha units'><div class='post-entry post-entry-type-page post-entry-13'><div class='entry-content-wrapper clearfix'>\n<div  style='padding-bottom:0px; ' class='av-special-heading av-special-heading-h2  blockquote modern-quote modern-centered  avia-builder-el-2  el_before_av_hr  avia-builder-el-first  '><h2 class='av-special-heading-tag '  itemprop=\"headline\"  >BUREAU DE METHODES<\/h2><div class='special-heading-border'><div class='special-heading-inner-border' ><\/div><\/div><\/div>\n<div  style=' margin-top:5px; margin-bottom:35px;'  class='hr hr-custom hr-center hr-icon-no   avia-builder-el-3  el_after_av_heading  el_before_av_one_fifth '><span class='hr-inner  inner-border-av-border-fat' style=' width:50px; border-color:#005a96;' ><span class='hr-inner-style'><\/span><\/span><\/div>\n<div class=\"flex_column av_one_fifth  flex_column_div av-zero-column-padding first  avia-builder-el-4  el_after_av_hr  el_before_av_three_fifth  \" style='border-radius:0px; '><\/div><div class=\"flex_column av_three_fifth  flex_column_div av-zero-column-padding   avia-builder-el-5  el_after_av_one_fifth  el_before_av_one_fifth  \" style='border-radius:0px; '><div  class='avia-icon-list-container   avia-builder-el-6  avia-builder-el-no-sibling '><ul class='avia-icon-list avia-icon-list-left av-iconlist-big avia_animate_when_almost_visible avia-iconlist-animate'>\n<li><div  style='background-color:#075bc1; ' class='iconlist_icon  avia-font-entypo-fontello'><span class='iconlist-char ' aria-hidden='true' data-av_icon='\ue856' data-av_iconfont='entypo-fontello'><\/span><\/div><article class=\"article-icon-entry av-iconlist-empty\"  itemscope=\"itemscope\" itemtype=\"https:\/\/schema.org\/CreativeWork\" ><div class='iconlist_content_wrap'><header class=\"entry-content-header\"><h4 class='av_iconlist_title iconlist_title   '  itemprop=\"headline\"  >Conception et fabrication assist\u00e9e par ordinateur<\/h4><\/header><div class='iconlist_content  '  itemprop=\"text\"  ><\/div><\/div><footer class=\"entry-footer\"><\/footer><\/article><div class='iconlist-timeline'><\/div><\/li>\n<li><div  style='background-color:#075bc1; ' class='iconlist_icon  avia-font-entypo-fontello'><span class='iconlist-char ' aria-hidden='true' data-av_icon='\ue8ab' data-av_iconfont='entypo-fontello'><\/span><\/div><article class=\"article-icon-entry av-iconlist-empty\"  itemscope=\"itemscope\" itemtype=\"https:\/\/schema.org\/CreativeWork\" ><div class='iconlist_content_wrap'><header class=\"entry-content-header\"><h4 class='av_iconlist_title iconlist_title   '  itemprop=\"headline\"  >Programmation des machines-outils 3 \u00e0 4 axes positionn\u00e9es ou continues<\/h4><\/header><div class='iconlist_content  '  itemprop=\"text\"  ><\/div><\/div><footer class=\"entry-footer\"><\/footer><\/article><div class='iconlist-timeline'><\/div><\/li>\n<li><div  style='background-color:#075bc1; ' class='iconlist_icon  avia-font-entypo-fontello'><span class='iconlist-char ' aria-hidden='true' data-av_icon='\ue863' data-av_iconfont='entypo-fontello'><\/span><\/div><article class=\"article-icon-entry av-iconlist-empty\"  itemscope=\"itemscope\" itemtype=\"https:\/\/schema.org\/CreativeWork\" ><div class='iconlist_content_wrap'><header class=\"entry-content-header\"><h4 class='av_iconlist_title iconlist_title   '  itemprop=\"headline\"  >Optimisation de la fabrication de vos pi\u00e8ces m\u00e9caniques<\/h4><\/header><div class='iconlist_content  '  itemprop=\"text\"  ><\/div><\/div><footer class=\"entry-footer\"><\/footer><\/article><div class='iconlist-timeline'><\/div><\/li>\n<\/ul><\/div><\/div><div class=\"flex_column av_one_fifth  flex_column_div av-zero-column-padding   avia-builder-el-7  el_after_av_three_fifth  avia-builder-el-last  \" style='border-radius:0px; '><\/div>\n\n<\/div><\/div><\/div><!-- close content main div --><\/div><\/div><div id='av_section_3'  class='avia-section alternate_color avia-section-large avia-no-border-styling  avia-bg-style-parallax  avia-builder-el-8  el_after_av_section  el_before_av_section   container_wrap fullsize' style=' '  ><div class='container' ><div class='template-page content  av-content-full alpha units'><div class='post-entry post-entry-type-page post-entry-13'><div class='entry-content-wrapper clearfix'>\n<div  style='padding-bottom:0px; ' class='av-special-heading av-special-heading-h2  blockquote modern-quote modern-centered  avia-builder-el-9  el_before_av_hr  avia-builder-el-first  '><h2 class='av-special-heading-tag '  itemprop=\"headline\"  >PARC MACHINES<\/h2><div class='special-heading-border'><div class='special-heading-inner-border' ><\/div><\/div><\/div>\n<div  style=' margin-top:5px; margin-bottom:35px;'  class='hr hr-custom hr-center hr-icon-no   avia-builder-el-10  el_after_av_heading  el_before_av_one_fifth '><span class='hr-inner  inner-border-av-border-fat' style=' width:50px; border-color:#005a96;' ><span class='hr-inner-style'><\/span><\/span><\/div>\n<div class=\"flex_column av_one_fifth  flex_column_div av-zero-column-padding first  avia-builder-el-11  el_after_av_hr  el_before_av_three_fifth  \" style='border-radius:0px; '><\/div><div class=\"flex_column av_three_fifth  flex_column_div av-zero-column-padding   avia-builder-el-12  el_after_av_one_fifth  el_before_av_one_fifth  \" style='border-radius:0px; '><p><div  style='padding-bottom:0px; ' class='av-special-heading av-special-heading-h4  blockquote elegant-quote elegant-centered  avia-builder-el-13  el_before_av_table  avia-builder-el-first  '><h4 class='av-special-heading-tag '  itemprop=\"headline\"  ><span class=\"heading-wrap\">Centre d\u2019usinage CNC<\/span><\/h4><div class='special-heading-border'><div class='special-heading-inner-border' ><\/div><\/div><\/div><br \/>\n<div class='avia-data-table-wrap avia_responsive_table'><table  class='avia-table avia-data-table avia-table-1  avia-builder-el-14  el_after_av_heading  el_before_av_heading  avia_pricing_default '  itemscope=\"itemscope\" itemtype=\"https:\/\/schema.org\/Table\" ><tbody><tr class='avia-heading-row'><th class=''>DESCRIPTION<\/th><th class=''>MARQUE<\/th><th class=''>SP\u00c9CIFICATIONS<\/th><\/tr><tr class=''><td class=''>Fraiseuse CNC verticale Mini \u00e0 super-vitesse<\/td><td class=''>HAAS SUPER Mini Mill-2<\/td><td class=''>4 Axe \u2022 10000 tr\/min \u2022 1016&#215;356 mm \u2022 CT\/BT 40<\/td><\/tr><tr class=''><td class=''>Centre d&rsquo;usinage vertical<\/td><td class=''>FAMUP MCX 1000<\/td><td class=''>3 Axe \u2022 4500 tr\/min \u2022 1000&#215;500 mm \u2022 ISO 40<\/td><\/tr><tr class=''><td class=''>Fraiseuse CNC verticale<\/td><td class=''>HAAS\tVF-9\/40HE TSC<\/td><td class=''>4 Axe \u2022 8100 tr\/min \u2022 2134&#215;914 mm \u2022 CT\/BT 40<\/td><\/tr><tr class=''><td class=''>Fraiseuse CNC verticale<\/td><td class=''>HAAS\tVF-2<\/td><td class=''>4 Axe \u2022 8100 tr\/min \u2022 914&#215;356 mm \u2022 CT\/BT 40<\/td><\/tr><\/tbody><\/table><\/div><style type='text\/css'>.avia-table-1 td:nth-of-type(1):before { content: 'DESCRIPTION'; } .avia-table-1 td:nth-of-type(2):before { content: 'MARQUE'; } .avia-table-1 td:nth-of-type(3):before { content: 'SP\u00c9CIFICATIONS'; } <\/style><br \/>\n<div  style='padding-bottom:0px; ' class='av-special-heading av-special-heading-h4  blockquote elegant-quote elegant-centered  avia-builder-el-15  el_after_av_table  el_before_av_table  '><h4 class='av-special-heading-tag '  itemprop=\"headline\"  ><span class=\"heading-wrap\">Tour cnc<\/span><\/h4><div class='special-heading-border'><div class='special-heading-inner-border' ><\/div><\/div><\/div><br \/>\n<div class='avia-data-table-wrap avia_responsive_table'><table  class='avia-table avia-data-table avia-table-2  avia-builder-el-16  el_after_av_heading  el_before_av_heading  avia_pricing_default '  itemscope=\"itemscope\" itemtype=\"https:\/\/schema.org\/Table\" ><tbody><tr class='avia-heading-row'><th class=''>DESCRIPTION<\/th><th class=''>MARQUE<\/th><th class=''>SP\u00c9CIFICATIONS<\/th><\/tr><tr class=''><td class=''>Tour cnc<\/td><td class=''>Doosan\tLYNX  220 C<\/td><td class=''>\u00d8 510mm \u2022 X:175 \/ Z : 330mm \u2022 4000 tr\/min \u2022 \u00f876 mm \u2022 12 Outils<\/td><\/tr><tr class=''><td class=''>Tour cnc<\/td><td class=''>Nakamura TMC-18<\/td><td class=''>\u00d8 400mm \u2022 X:254 \/ Z : 330mm \u2022 50 &#8211; 4500 tr\/min \u2022 \u00f851 mm \u2022 10 Outils<\/td><\/tr><tr class=''><td class=''>Tour cnc avec Magasin de chargement de barres Haas<\/td><td class=''>HAAS\tSL10<\/td><td class=''>\u00d8 250mm \u2022 X:158 \/ Z : 355mm \u2022 6000 tr\/min \u2022 \u00f845.5 mm \u2022 10 Outils<\/td><\/tr><\/tbody><\/table><\/div><style type='text\/css'>.avia-table-2 td:nth-of-type(1):before { content: 'DESCRIPTION'; } .avia-table-2 td:nth-of-type(2):before { content: 'MARQUE'; } .avia-table-2 td:nth-of-type(3):before { content: 'SP\u00c9CIFICATIONS'; } <\/style><br \/>\n<div  style='padding-bottom:0px; ' class='av-special-heading av-special-heading-h4  blockquote elegant-quote elegant-centered  avia-builder-el-17  el_after_av_table  el_before_av_table  '><h4 class='av-special-heading-tag '  itemprop=\"headline\"  ><span class=\"heading-wrap\">Tours conventionnels<\/span><\/h4><div class='special-heading-border'><div class='special-heading-inner-border' ><\/div><\/div><\/div><br \/>\n<div class='avia-data-table-wrap avia_responsive_table'><table  class='avia-table avia-data-table avia-table-3  avia-builder-el-18  el_after_av_heading  el_before_av_heading  avia_pricing_default '  itemscope=\"itemscope\" itemtype=\"https:\/\/schema.org\/Table\" ><tbody><tr class='avia-heading-row'><th class=''>DESCRIPTION<\/th><th class=''>MARQUE<\/th><th class=''>SP\u00c9CIFICATIONS<\/th><\/tr><tr class=''><td class=''>Tours parall\u00e8les<\/td><td class=''>TOS TRENCIN\tSUI 40-1000<\/td><td class=''>\u00f8250mm \u2022 1100 x 360 x 210 mm \u2022 14 tr \/ min \u00e0 2240 tr \/ min<\/td><\/tr><tr class=''><td class=''>Tours parall\u00e8les<\/td><td class=''>GRAZIANO SAG 508<\/td><td class=''>\u00f8508 mm \u2022 3900 x 1290 x 1065mm \u2022 26 tr \/ min \u00e0 1300 tr \/ min<\/td><\/tr><tr class=''><td class=''>Tours parall\u00e8les<\/td><td class=''>URSUS-20<\/td><td class=''>\u00f8250 mm \u2022 2200x800x1200 mm \u2022 35 tr \/ min \u00e0 1500 tr \/ min<\/td><\/tr><tr class=''><td class=''>Tours parall\u00e8les<\/td><td class=''>TOS TRENCIN\t SN 71<\/td><td class=''>\u00f8686 mm \u2022 5994,4x1524x1727,2 mm \u2022 10 tr \/ min \u00e0 1000 tr \/ min<br \/>\n<\/td><\/tr><\/tbody><\/table><\/div><style type='text\/css'>.avia-table-3 td:nth-of-type(1):before { content: 'DESCRIPTION'; } .avia-table-3 td:nth-of-type(2):before { content: 'MARQUE'; } .avia-table-3 td:nth-of-type(3):before { content: 'SP\u00c9CIFICATIONS'; } <\/style><br \/>\n<div  style='padding-bottom:0px; ' class='av-special-heading av-special-heading-h4  blockquote elegant-quote elegant-centered  avia-builder-el-19  el_after_av_table  el_before_av_table  '><h4 class='av-special-heading-tag '  itemprop=\"headline\"  ><span class=\"heading-wrap\">Machine d\u2019\u00e9lectro\u00e9rosion par fil <span class='special_amp'>&amp;<\/span> par enfon\u00e7age<\/span><\/h4><div class='special-heading-border'><div class='special-heading-inner-border' ><\/div><\/div><\/div><br \/>\n<div class='avia-data-table-wrap avia_responsive_table'><table  class='avia-table avia-data-table avia-table-4  avia-builder-el-20  el_after_av_heading  avia-builder-el-last  avia_pricing_default '  itemscope=\"itemscope\" itemtype=\"https:\/\/schema.org\/Table\" ><tbody><tr class='avia-heading-row'><th class=''>DESCRIPTION<\/th><th class=''>MARQUE<\/th><th class=''>SP\u00c9CIFICATIONS<\/th><\/tr><tr class=''><td class=''>Machine d&rsquo;\u00e9lectro\u00e9rosion \u00e0 fil cnc<\/td><td class=''>SPAITE CNC MACHINE TOOL\tDK7745<\/td><td class=''>450\u00d7550 mm \u2022 450 kg <\/td><\/tr><tr class=''><td class=''>Machine d&rsquo;\u00e9lectro\u00e9rosion \u00e0 fil cnc <\/td><td class=''>CHARMILLES TECHNOLOGIES\tROBOFIL 4000<\/td><td class=''>1105 x 765 x 435 mm \u2022 800 kg \u2022 X x Y x Z : 450 x 320 x 162 mm<\/td><\/tr><tr class=''><td class=''>Machine d&rsquo;\u00e9lectro-\u00e9rosion par enfon\u00e7age<\/td><td class=''>CHARMILLES TECHNOLOGIES\tROBOFORM 400<\/td><td class=''>1260 x 800 mm \u2022 500 kg \u2022 20 \u00e9lectrodes  \u2022X x Y x Z : 450 x 320 x 410 mm<\/td><\/tr><\/tbody><\/table><\/div><style type='text\/css'>.avia-table-4 td:nth-of-type(1):before { content: 'DESCRIPTION'; } .avia-table-4 td:nth-of-type(2):before { content: 'MARQUE'; } .avia-table-4 td:nth-of-type(3):before { content: 'SP\u00c9CIFICATIONS'; } <\/style><\/p><\/div><div class=\"flex_column av_one_fifth  flex_column_div av-zero-column-padding   avia-builder-el-21  el_after_av_three_fifth  avia-builder-el-last  \" style='border-radius:0px; '><\/div><\/div><\/div><\/div><!-- close content main div --><\/div><\/div><div id='av_section_4'  class='avia-section main_color avia-section-default avia-no-border-styling  av-parallax-section avia-bg-style-parallax  avia-builder-el-22  el_after_av_section  avia-builder-el-last   container_wrap fullsize' style='background-color: #ffffff;  '  data-section-bg-repeat='no-repeat'><div class='av-parallax' data-avia-parallax-ratio='0.3' ><div class='av-parallax-inner main_color  avia-full-stretch' style = 'background-color: #ffffff; background-repeat: no-repeat; background-image: url(https:\/\/rzindustrie.ma\/wp-content\/uploads\/2021\/04\/SLIDER4-scaled.jpg);background-attachment: scroll; background-position: bottom left; ' ><\/div><\/div><div class='container' ><div class='template-page content  av-content-full alpha units'><div class='post-entry post-entry-type-page post-entry-13'><div class='entry-content-wrapper clearfix'>\n<div class='flex_column_table av-equal-height-column-flextable -flextable' ><div class=\"flex_column av_one_full  av-animated-generic left-to-right  flex_column_table_cell av-equal-height-column av-align-middle av-zero-column-padding first  avia-builder-el-23  avia-builder-el-no-sibling  \" style='border-radius:0px; '><p><div  style='height:100px' class='hr hr-invisible   avia-builder-el-24  el_before_av_heading  avia-builder-el-first '><span class='hr-inner ' ><span class='hr-inner-style'><\/span><\/span><\/div><br \/>\n<div  style='padding-bottom:10px; margin:50 50 50 50; color:#ffffff;font-size:30px;' class='av-special-heading av-special-heading-h1 custom-color-heading blockquote elegant-quote elegant-centered  avia-builder-el-25  el_after_av_hr  el_before_av_hr  av-inherit-size '><h1 class='av-special-heading-tag '  itemprop=\"headline\"  ><span class=\"heading-wrap\">Nous fabriquons diff\u00e9rentes<\/span><\/h1><div class ='av-subheading av-subheading_below av_custom_color ' style='font-size:15px;'><p>types de pi\u00e8ces m\u00e9talliques et tous autres traitements qui s\u2019y attachent.<\/p>\n<\/div><div class='special-heading-border'><div class='special-heading-inner-border' style='border-color:#ffffff'><\/div><\/div><\/div><br \/>\n<div  style='height:50px' class='hr hr-invisible   avia-builder-el-26  el_after_av_heading  el_before_av_hr '><span class='hr-inner ' ><span class='hr-inner-style'><\/span><\/span><\/div><br \/>\n<div   class='hr hr-short hr-center   avia-builder-el-27  el_after_av_hr  el_before_av_button '><span class='hr-inner ' ><span class='hr-inner-style'><\/span><\/span><\/div><br \/>\n<div  class='avia-button-wrap avia-button-center  avia-builder-el-28  el_after_av_hr  avia-builder-el-last ' ><a href='https:\/\/rzindustrie.ma\/?page_id=23'  class='avia-button   avia-icon_select-no avia-size-x-large avia-position-center '  style='background-color:#ffffff; border-color:#ffffff; color:#4f4f4f; ' ><span class='avia_iconbox_title' >Contactez-nous<\/span><\/a><\/div><\/p><\/div><\/div><!--close column table wrapper. Autoclose: 1 -->\n<\/p>\n","protected":false},"excerpt":{"rendered":"","protected":false},"author":1,"featured_media":0,"parent":0,"menu_order":0,"comment_status":"closed","ping_status":"closed","template":"","meta":{"footnotes":""},"class_list":["post-13","page","type-page","status-publish","hentry"],"_links":{"self":[{"href":"https:\/\/rzindustrie.ma\/index.php?rest_route=\/wp\/v2\/pages\/13","targetHints":{"allow":["GET"]}}],"collection":[{"href":"https:\/\/rzindustrie.ma\/index.php?rest_route=\/wp\/v2\/pages"}],"about":[{"href":"https:\/\/rzindustrie.ma\/index.php?rest_route=\/wp\/v2\/types\/page"}],"author":[{"embeddable":true,"href":"https:\/\/rzindustrie.ma\/index.php?rest_route=\/wp\/v2\/users\/1"}],"replies":[{"embeddable":true,"href":"https:\/\/rzindustrie.ma\/index.php?rest_route=%2Fwp%2Fv2%2Fcomments&post=13"}],"version-history":[{"count":24,"href":"https:\/\/rzindustrie.ma\/index.php?rest_route=\/wp\/v2\/pages\/13\/revisions"}],"predecessor-version":[{"id":826,"href":"https:\/\/rzindustrie.ma\/index.php?rest_route=\/wp\/v2\/pages\/13\/revisions\/826"}],"wp:attachment":[{"href":"https:\/\/rzindustrie.ma\/index.php?rest_route=%2Fwp%2Fv2%2Fmedia&parent=13"}],"curies":[{"name":"wp","href":"https:\/\/api.w.org\/{rel}","templated":true}]}}